{"id":114,"date":"2025-11-17T15:58:34","date_gmt":"2025-11-17T15:58:34","guid":{"rendered":"https:\/\/startersites.io\/blocksy\/petsy\/?post_type=product&#038;p=114"},"modified":"2025-11-19T03:40:17","modified_gmt":"2025-11-19T03:40:17","slug":"ornament","status":"publish","type":"product","link":"https:\/\/printdream3d.com\/es\/producto\/ornament\/","title":{"rendered":"Adorno litof\u00e1nico personalizado con foto: recuerdo navide\u00f1o impreso en 3D personalizado"},"content":{"rendered":"<p data-start=\"471\" data-end=\"723\">Revive tus recuerdos con este <strong data-start=\"509\" data-end=\"560\">Adorno navide\u00f1o personalizado de litofan\u00eda impreso en 3D<\/strong>.Cada pieza se elabora por encargo utilizando tu foto y se imprime en PETG de alta calidad para mayor durabilidad, claridad y un hermoso brillo cuando se ilumina con luces navide\u00f1as.<\/p>\n<p data-start=\"725\" data-end=\"952\">Este adorno es perfecto para:<br data-start=\"798\" data-end=\"801\" \/>\u2022 <strong data-start=\"803\" data-end=\"823\">Recuerdos familiares<\/strong> \u2013 parents, babies, weddings, couples<br data-start=\"860\" data-end=\"863\" \/>\u2022 <strong data-start=\"865\" data-end=\"902\">Decoraci\u00f3n personalizada para el \u00e1rbol de Navidad<\/strong><br data-start=\"902\" data-end=\"905\" \/>\u2022 <strong data-start=\"907\" data-end=\"935\">Regalos sentimentales \u00fanicos<\/strong> para los seres queridos<\/p>\n<h3 data-start=\"954\" data-end=\"974\">\u2b50 C\u00f3mo funciona<\/h3>\n<ol data-start=\"975\" data-end=\"1191\">\n<li data-start=\"975\" data-end=\"997\">\n<p data-start=\"978\" data-end=\"997\">Haz tu pedido.<\/p>\n<\/li>\n<li data-start=\"998\" data-end=\"1022\">\n<p data-start=\"1001\" data-end=\"1022\">Env\u00edame tu foto.<\/p>\n<\/li>\n<li data-start=\"1023\" data-end=\"1116\">\n<p data-start=\"1026\" data-end=\"1116\">Creo una litofan\u00eda personalizada dise\u00f1ada para revelar tu imagen cuando la luz la atraviesa.<\/p>\n<\/li>\n<li data-start=\"1117\" data-end=\"1191\">\n<p data-start=\"1120\" data-end=\"1191\">Tu adorno personalizado se imprime, se inspecciona y se env\u00eda de forma segura.<\/p>\n<\/li>\n<\/ol>\n<h3 data-start=\"1193\" data-end=\"1216\">\u2b50 Detalles del producto<\/h3>\n<p data-start=\"1217\" data-end=\"1442\">\u2022 Alta resoluci\u00f3n <strong data-start=\"1235\" data-end=\"1260\">Litofan\u00eda impresa en 3D<\/strong><br data-start=\"1260\" data-end=\"1263\" \/>\u2022 Material: <strong data-start=\"1275\" data-end=\"1291\">Durable PETG<\/strong> (resistente al calor y la humedad)<br data-start=\"1324\" data-end=\"1327\" \/>\u2022 Incluye lazo para colgar<br data-start=\"1350\" data-end=\"1353\" \/>\u2022 Hecho por encargo: cada adorno es \u00fanico.<br data-start=\"1395\" data-end=\"1398\" \/>\u2022 Funciona mejor cuando se cuelga cerca de las luces de Navidad<\/p>\n<p data-start=\"1444\" data-end=\"1587\">Regala algo que jam\u00e1s olvidar\u00e1n. Este recuerdo personalizado es m\u00e1s que un adorno: es una memoria que podr\u00e1s conservar y exhibir a\u00f1o tras a\u00f1o.<\/p>","protected":false},"excerpt":{"rendered":"<p>Dale nueva vida a tu foto favorita con este adorno litof\u00e1nico personalizado impreso en 3D. Cuando la luz lo atraviesa, tu imagen luce espectacular: perfecto como recuerdo navide\u00f1o o como un emotivo regalo conmemorativo.<\/p>","protected":false},"featured_media":895,"comment_status":"open","ping_status":"closed","template":"","meta":[],"product_brand":[],"product_cat":[46],"product_tag":[],"class_list":{"0":"post-114","1":"product","2":"type-product","3":"status-publish","4":"has-post-thumbnail","6":"product_cat-christmas","8":"first","9":"instock","10":"purchasable","11":"product-type-simple"},"_links":{"self":[{"href":"https:\/\/printdream3d.com\/es\/wp-json\/wp\/v2\/product\/114","targetHints":{"allow":["GET"]}}],"collection":[{"href":"https:\/\/printdream3d.com\/es\/wp-json\/wp\/v2\/product"}],"about":[{"href":"https:\/\/printdream3d.com\/es\/wp-json\/wp\/v2\/types\/product"}],"replies":[{"embeddable":true,"href":"https:\/\/printdream3d.com\/es\/wp-json\/wp\/v2\/comments?post=114"}],"wp:featuredmedia":[{"embeddable":true,"href":"https:\/\/printdream3d.com\/es\/wp-json\/wp\/v2\/media\/895"}],"wp:attachment":[{"href":"https:\/\/printdream3d.com\/es\/wp-json\/wp\/v2\/media?parent=114"}],"wp:term":[{"taxonomy":"product_brand","embeddable":true,"href":"https:\/\/printdream3d.com\/es\/wp-json\/wp\/v2\/product_brand?post=114"},{"taxonomy":"product_cat","embeddable":true,"href":"https:\/\/printdream3d.com\/es\/wp-json\/wp\/v2\/product_cat?post=114"},{"taxonomy":"product_tag","embeddable":true,"href":"https:\/\/printdream3d.com\/es\/wp-json\/wp\/v2\/product_tag?post=114"}],"curies":[{"name":"wp","href":"https:\/\/api.w.org\/{rel}","templated":true}]}}